{"id":464,"date":"2026-01-21T17:26:21","date_gmt":"2026-01-21T17:26:21","guid":{"rendered":"https:\/\/greatsummers.development.learnridge.ca\/?page_id=464"},"modified":"2026-01-21T18:36:46","modified_gmt":"2026-01-21T18:36:46","slug":"home-page","status":"publish","type":"page","link":"https:\/\/greatsummers.ca\/fr\/","title":{"rendered":"Home Page"},"content":{"rendered":"<h2>UB BEL \u00c9T\u00c9<\/h2>\n<h2>DON&#8217;T HAPPEN BY<\/h2>\n<h1>\n\t\t\tACCIDENT\t<\/h1>\n<h2>\n\t\t\tConnais-tu l\u2019effet Mellanby ?\t<\/h2>\n\t<p>The Mellanby Effect compares two individuals. Person One while consuming alcohol, is causing their Blood Alcohol Concentration (BAC) to rise. Person Two has already consumed alcohol and their BAC level is decreasing with time. Eventually, Person One&#8217;s BAC level while drinking, will reach the same BAC level of Person Two who is not drinking. At this point, the Mellanby Effect shows that while drinking, Person One&#8217;s rising BAC level will alter their own assessment of impairment and they will feel more intoxicated when compared to Person Two who is not drinking. This means that even when someone is not drinking, their BAC level of impairment could be the same as someone currently consuming alcohol.<\/p>\n\t\t\t\t<img decoding=\"async\" src=\"http:\/\/greatsummers.ca\/wp-content\/uploads\/sites\/4\/2023\/08\/image1-e1691676690547.jpg\" alt=\"The Mellanby Effect\" title=\"The Mellanby Effect\" itemprop=\"image\"\/>\n\t\t<!-- Comment to fix spacing issue\n\t-->\n\t\t<h1>0%<\/h1>Dans les accidents de voiture o\u00f9 les victimes sont hospitalis\u00e9es, les personnes en \u00e9tat d\u2019\u00e9bri\u00e9t\u00e9 sont 20 % plus susceptibles d\u2019avoir des blessures potentiellement mortelles que les personnes non en \u00e9tat d\u2019\u00e9bri\u00e9t\u00e9.\n\t<!-- Comment to fix spacing issue\n\t-->\t\n\t\t<!-- Comment to fix spacing issue\n\t-->\n\t\t<h1>0%<\/h1>Dans les accidents de voiture impliquant des personnes de moins de 24 ans, celles dont les facult\u00e9s sont affaiblies sont 61 % plus susceptibles de subir des blessures potentiellement mortelles que celles dont les facult\u00e9s ne sont pas affaiblies.\n\t<!-- Comment to fix spacing issue\n\t-->\t\n\t\t<!-- Comment to fix spacing issue\n\t-->\n\t\t<h1>0%<\/h1>Dans les accidents de voiture impliquant des hommes de moins de 24 ans, les personnes dont les facult\u00e9s sont affaiblies ont 74 % plus de risques de subir des blessures mortelles que les personnes dont les facult\u00e9s ne sont pas affaiblies.\n\t<!-- Comment to fix spacing issue\n\t-->\t\n<h1>\n\t\t\tPassez un\t<\/h1>\n\t<h1>\u00e9t\u00e9 inoubliable!<\/h1>\n<h2>\n\t\t\tVid\u00e9os de campagne\t<\/h2>\n\t\t\t\t<img decoding=\"async\" src=\"http:\/\/greatsummers.ca\/wp-content\/uploads\/sites\/4\/2022\/08\/thumb-1.png\" alt=\"thumb-1\" title=\"thumb-1\" itemprop=\"image\"\/>\n\t\t<h4>\n\t\t\tSentiers sobres\t<\/h4>\n\t<p>L\u2019\u00e9t\u00e9 c\u2019est fait pour s\u2019amuser! Profites-en pleinement et \u00e9vite de prendre la route si tu as bu ou consom\u00e9 des drogues.<\/p>\n\t\t\t\t<img decoding=\"async\" src=\"http:\/\/greatsummers.ca\/wp-content\/uploads\/sites\/4\/2022\/08\/thumb-3.png\" alt=\"thumb-3\" title=\"thumb-3\" itemprop=\"image\"\/>\n\t\t<h4>\n\t\t\tAttention \u00e7a tourne\t<\/h4>\n\t<p>Reste concentr\u00e9 sur la piste et \u00e9vite les distractions.<\/p>\n\t\t\t\t<img decoding=\"async\" src=\"http:\/\/greatsummers.ca\/wp-content\/uploads\/sites\/4\/2022\/08\/thumb-2.png\" alt=\"thumb-2\" title=\"thumb-2\" itemprop=\"image\"\/>\n\t\t<h4>\n\t\t\tStop &#038; Rest\t<\/h4>\n\t<p>Une journ\u00e9e au soleil, \u00e7a \u00e9puise! Prends le temps de recharger tes batteries avant de prendre la route.<\/p>\n\t\t\t\t<img decoding=\"async\" src=\"http:\/\/greatsummers.ca\/wp-content\/uploads\/sites\/4\/2022\/08\/thumb-4.png\" alt=\"thumb-4\" title=\"thumb-4\" itemprop=\"image\"\/>\n\t\t<h4>\n\t\t\tSortie SMS\t<\/h4>\n\t<p>Use voice-activated functionalities! That way, you can stay focused on where you&#8217;re going.<\/p>\n\t\t\t\t<img decoding=\"async\" src=\"http:\/\/greatsummers.ca\/wp-content\/uploads\/sites\/4\/2022\/08\/leftface.png\" alt=\"leftface\" title=\"leftface\" itemprop=\"image\"\/>\n\t\t\t\t<img decoding=\"async\" src=\"http:\/\/greatsummers.ca\/wp-content\/uploads\/sites\/4\/2026\/01\/traumalogo.png\" alt=\"traumalogo\" title=\"traumalogo\" itemprop=\"image\"\/>\n\t<h4>Trauma NB est fi\u00e8re d\u2019accueillir et de soutenir cette importante campagne.<\/h4>\n\t<p>En tant qu\u2019organisme provincial responsable de la pr\u00e9vention des blessures au Nouveau-Brunswick, Trauma NB assure \u00e9galement le leadership et la coordination des soins cliniques, de l\u2019\u00e9ducation et de la recherche li\u00e9s aux blessures graves et critiques dans la province.<\/p>\n<p>Pour plus d\u2019informations sur la pr\u00e9vention des blessures tout au long de l\u2019ann\u00e9e, visitez le site :<\/p>\n\t\t\t\t<img decoding=\"async\" src=\"http:\/\/greatsummers.ca\/wp-content\/uploads\/sites\/4\/2022\/08\/rightface.png\" alt=\"rightface\" title=\"rightface\" itemprop=\"image\"\/>\n\t\t\t<a href=\"http:\/\/traumanb.ca\/\"  target=\"_blank\" rel=\"noopener\">\n\t\t\t\t\t\t\tTraumanb.ca\n\t\t\t\t\t<\/a>","protected":false},"excerpt":{"rendered":"<p>GREAT SUMMERS DON&#8217;T HAPPEN BY ACCIDENT Do you know about the Mellanby Effect? The Mellanby Effect compares two individuals. Person One while consuming alcohol, is causing their Blood Alcohol Concentration (BAC) to rise. Person Two has already consumed alcohol and their BAC level is decreasing with time. Eventually, Person One&#8217;s BAC level while drinking, will &#8230; <a title=\"Home Page\" class=\"read-more\" href=\"https:\/\/greatsummers.ca\/fr\/\" aria-label=\"Read more about Home Page\">Continuer la lecture<\/a><\/p>","protected":false},"author":2,"featured_media":0,"parent":0,"menu_order":0,"comment_status":"closed","ping_status":"closed","template":"","meta":{"footnotes":""},"class_list":["post-464","page","type-page","status-publish"],"_links":{"self":[{"href":"https:\/\/greatsummers.ca\/fr\/wp-json\/wp\/v2\/pages\/464","targetHints":{"allow":["GET"]}}],"collection":[{"href":"https:\/\/greatsummers.ca\/fr\/wp-json\/wp\/v2\/pages"}],"about":[{"href":"https:\/\/greatsummers.ca\/fr\/wp-json\/wp\/v2\/types\/page"}],"author":[{"embeddable":true,"href":"https:\/\/greatsummers.ca\/fr\/wp-json\/wp\/v2\/users\/2"}],"replies":[{"embeddable":true,"href":"https:\/\/greatsummers.ca\/fr\/wp-json\/wp\/v2\/comments?post=464"}],"version-history":[{"count":4,"href":"https:\/\/greatsummers.ca\/fr\/wp-json\/wp\/v2\/pages\/464\/revisions"}],"predecessor-version":[{"id":476,"href":"https:\/\/greatsummers.ca\/fr\/wp-json\/wp\/v2\/pages\/464\/revisions\/476"}],"wp:attachment":[{"href":"https:\/\/greatsummers.ca\/fr\/wp-json\/wp\/v2\/media?parent=464"}],"curies":[{"name":"wp","href":"https:\/\/api.w.org\/{rel}","templated":true}]}}